{"id":1982,"date":"2023-05-17T11:12:20","date_gmt":"2023-05-17T09:12:20","guid":{"rendered":"https:\/\/poleressources12.fr\/?page_id=1982"},"modified":"2025-09-17T15:41:22","modified_gmt":"2025-09-17T13:41:22","slug":"notre-equipe","status":"publish","type":"page","link":"https:\/\/poleressources12.fr\/index.php\/notre-equipe\/","title":{"rendered":"Notre \u00e9quipe"},"content":{"rendered":"[vc_row][vc_column width=\u00a0\u00bb1\/2&Prime;][vc_column_text]<img loading=\"lazy\" decoding=\"async\" class=\"wp-image-2213 aligncenter\" src=\"https:\/\/poleressources12.fr\/wp-content\/uploads\/2024\/11\/tangram_lecteur-194x300.png\" alt=\"\" width=\"72\" height=\"112\" \/><strong>Lionel CHARBONNIER <\/strong>est le responsable du P\u00f4le Ressources Accueil Inclusif de l&rsquo;Aveyron. Il coordonne les diff\u00e9rentes actions du dispositif et d\u00e9veloppe les formations \u00e0 destination des professionnels de l&rsquo;accueil. En lien avec les diff\u00e9rents partenaires institutionnels et le r\u00e9seau d&rsquo;acteurs sociaux et m\u00e9dico-sociaux, il vient en appui des territoires (collectivit\u00e9s, communaut\u00e9s de communes) dans la r\u00e9flexion et la mise en \u0153uvre de leur politique inclusive en faveur de l&rsquo;accueil des enfants en situation de handicap ou avec des besoins sp\u00e9cifiques et de leurs familles.[\/vc_column_text][\/vc_column][vc_column width=\u00a0\u00bb1\/2&Prime;][vc_column_text]<img loading=\"lazy\" decoding=\"async\" class=\"wp-image-2212 aligncenter\" src=\"https:\/\/poleressources12.fr\/wp-content\/uploads\/2024\/11\/tangram-bonhomme2_com-220x300.png\" alt=\"\" width=\"70\" height=\"95\" srcset=\"https:\/\/poleressources12.fr\/wp-content\/uploads\/2024\/11\/tangram-bonhomme2_com-220x300.png 220w, https:\/\/poleressources12.fr\/wp-content\/uploads\/2024\/11\/tangram-bonhomme2_com-750x1024.png 750w, https:\/\/poleressources12.fr\/wp-content\/uploads\/2024\/11\/tangram-bonhomme2_com-768x1049.png 768w, https:\/\/poleressources12.fr\/wp-content\/uploads\/2024\/11\/tangram-bonhomme2_com-1125x1536.png 1125w, https:\/\/poleressources12.fr\/wp-content\/uploads\/2024\/11\/tangram-bonhomme2_com.png 1285w\" sizes=\"auto, (max-width: 70px) 100vw, 70px\" \/><\/p>\n<p><strong>C\u00e9line ZAIA<\/strong> et<strong> Clo\u00e9 GIRESSE <\/strong>forment l&rsquo;\u00e9quipe d&rsquo;accompagnement. Educatrices sp\u00e9cialis\u00e9es de formation, elles accompagnent les familles dans toutes les \u00e9tapes de l&rsquo;accueil de leur enfant. Elles soutiennent aussi les professionnels de la petite enfance, de l&rsquo;enfance et de la jeunesse dans leur pratiques inclusives et assurent les temps de sensibilisation aupr\u00e8s des \u00e9quipes et des enfants.[\/vc_column_text][\/vc_column][\/vc_row][vc_row][vc_column][vc_column_text]&nbsp;<\/p>\n<p><img loading=\"lazy\" decoding=\"async\" class=\" wp-image-2214 aligncenter\" src=\"https:\/\/poleressources12.fr\/wp-content\/uploads\/2024\/11\/tangram_maison.png\" alt=\"\" width=\"79\" height=\"77\" \/>L&rsquo;\u00e9quipe du P\u00f4le Ressources soutient \u00e9galement<strong> les R\u00e9f\u00e9rents Accueils Inclusifs des territoires<\/strong> de <strong>Rodez<\/strong>, <strong>Onet-le-Ch\u00e2teau<\/strong> et <strong>Millau<\/strong> dans le d\u00e9veloppement de leurs actions locales.[\/vc_column_text][\/vc_column][\/vc_row]\n","protected":false},"excerpt":{"rendered":"<p>[vc_row][vc_column width=\u00a0\u00bb1\/2&Prime;][vc_column_text]Lionel CHARBONNIER est le responsable du P\u00f4le Ressources Accueil Inclusif de l&rsquo;Aveyron. Il coordonne les diff\u00e9rentes actions du dispositif et d\u00e9veloppe les formations \u00e0 destination des professionnels de l&rsquo;accueil. En lien avec les diff\u00e9rents partenaires institutionnels et le r\u00e9seau d&rsquo;acteurs sociaux et m\u00e9dico-sociaux, il vient en appui des territoires [&hellip;]<\/p>\n","protected":false},"author":2,"featured_media":0,"parent":0,"menu_order":0,"comment_status":"closed","ping_status":"closed","template":"","meta":{"footnotes":""},"class_list":["post-1982","page","type-page","status-publish","hentry"],"_links":{"self":[{"href":"https:\/\/poleressources12.fr\/index.php\/wp-json\/wp\/v2\/pages\/1982","targetHints":{"allow":["GET"]}}],"collection":[{"href":"https:\/\/poleressources12.fr\/index.php\/wp-json\/wp\/v2\/pages"}],"about":[{"href":"https:\/\/poleressources12.fr\/index.php\/wp-json\/wp\/v2\/types\/page"}],"author":[{"embeddable":true,"href":"https:\/\/poleressources12.fr\/index.php\/wp-json\/wp\/v2\/users\/2"}],"replies":[{"embeddable":true,"href":"https:\/\/poleressources12.fr\/index.php\/wp-json\/wp\/v2\/comments?post=1982"}],"version-history":[{"count":10,"href":"https:\/\/poleressources12.fr\/index.php\/wp-json\/wp\/v2\/pages\/1982\/revisions"}],"predecessor-version":[{"id":2366,"href":"https:\/\/poleressources12.fr\/index.php\/wp-json\/wp\/v2\/pages\/1982\/revisions\/2366"}],"wp:attachment":[{"href":"https:\/\/poleressources12.fr\/index.php\/wp-json\/wp\/v2\/media?parent=1982"}],"curies":[{"name":"wp","href":"https:\/\/api.w.org\/{rel}","templated":true}]}}