{"id":1986,"date":"2023-05-17T13:36:34","date_gmt":"2023-05-17T11:36:34","guid":{"rendered":"https:\/\/poleressources12.fr\/?page_id=1986"},"modified":"2025-09-12T14:45:49","modified_gmt":"2025-09-12T12:45:49","slug":"outils-a-destination-des-professionnels","status":"publish","type":"page","link":"https:\/\/poleressources12.fr\/index.php\/outils-a-destination-des-professionnels\/","title":{"rendered":"Outils \u00e0 destination des professionnels"},"content":{"rendered":"[vc_row][vc_column width=\u00a0\u00bb1\/4&Prime;][vc_column_text]\n<h3 class=\"has-text-align-left\"><strong>Les malles p\u00e9dagogiques<\/strong><\/h3>\n<p class=\"has-text-align-left\"><!-- \/wp:post-content --><\/p>\n<blockquote>\n<p><!-- wp:paragraph --><strong>Gr\u00e2ce \u00e0 des th\u00e9matiques universelles (telles que les \u00e9motions, la communication, l&rsquo;alimentation, les sens et les sensations, le d\u00e9veloppement moteur, la relaxation, la diversit\u00e9 \u2026), ces outils visent \u00e0 sensibiliser au vivre ensemble les professionnels comme les enfants. Ils permettent d\u2019\u00e9laborer une r\u00e9flexion, une pens\u00e9e construite et ouverte.<\/strong><\/p>\n<\/blockquote>\n<p>D\u00e8s le plus jeunes \u00e2ge, nous pouvons aborder les notions d\u2019\u00e9galit\u00e9, d\u2019\u00e9quit\u00e9, de diff\u00e9rence, de diversit\u00e9, d\u2019empathie, d\u2019inclusion au travers de jeux, d\u2019images, de contes ou de films\u2026<br \/>Ces supports permettent aussi de mieux se connaitre pour mieux connaitre les autres, mieux se comprendre pour mieux comprendre les autres, mieux s\u2019accepter pour mieux accepter les autres \u2026une p\u00e9dagogie de l\u2019empathie en somme.<!--more--><\/p>\n<p><strong>En savoir + <\/strong><\/p>\n<p><a href=\"https:\/\/poleressources12.fr\/wp-content\/uploads\/2025\/09\/Livret-de-presentation-de-la-malle-RELAI.pdf\">Le livret de la malle RELAI &gt; RPE et assistantes<\/a><a href=\"https:\/\/poleressources12.fr\/wp-content\/uploads\/2023\/05\/livret-malle_relai_com.pdf\"> maternelles<\/a><\/p>\n<p><!-- \/wp:paragraph --><a href=\"https:\/\/poleressources12.fr\/wp-content\/uploads\/2025\/07\/PRAI2024_livret_malles_accueils-collectifs.pdf\">Le livret des malles p\u00e9dagogiques &gt; Cr\u00e8ches et Accueils collectifs de<\/a><a href=\"https:\/\/poleressources12.fr\/wp-content\/uploads\/2025\/07\/PRAI2024_livret_malles_accueils-collectifs.pdf\"> M<\/a><a href=\"https:\/\/poleressources12.fr\/wp-content\/uploads\/2025\/07\/PRAI2024_livret_malles_accueils-collectifs.pdf\">ineurs<\/a><\/p>\n<p><a href=\"https:\/\/poleressources12.fr\/wp-content\/uploads\/2023\/05\/livret-malle-ados_com.pdf\">Le livret de la malle Ado&rsquo;s &gt; Accueil de jeunes<\/a><\/p>\n[\/vc_column_text][vc_single_image image=\u00a0\u00bb2013&Prime; img_size=\u00a0\u00bbmedium\u00a0\u00bb add_caption=\u00a0\u00bbyes\u00a0\u00bb][vc_single_image image=\u00a0\u00bb2017&Prime; img_size=\u00a0\u00bbmedium\u00a0\u00bb add_caption=\u00a0\u00bbyes\u00a0\u00bb][vc_single_image image=\u00a0\u00bb2022&Prime; img_size=\u00a0\u00bbmedium\u00a0\u00bb add_caption=\u00a0\u00bbyes\u00a0\u00bb][vc_single_image image=\u00a0\u00bb2020&Prime; img_size=\u00a0\u00bbmedium\u00a0\u00bb add_caption=\u00a0\u00bbyes\u00a0\u00bb][\/vc_column][vc_column width=\u00a0\u00bb1\/4&Prime;]<div   >\n\t\t\t\t\t\t<div class=\"swmsc_container\">\n\t\t\t\t\t\t\t[vc_column_text]\n<h3>Les outils de r\u00e9gulation et sacs \u00e0 dos Hopl\u00e0<\/h3>\n<blockquote><p><strong>En fonction des besoins sp\u00e9cifiques des enfants rep\u00e9r\u00e9s, l&rsquo;\u00e9quipe du P\u00f4le Ressources pourra pr\u00eater aux professionnels ou \u00e9quipes accueillantes des outils de r\u00e9gulation visant \u00e0 faciliter l&rsquo;expression et la gestion d&rsquo;une \u00e9motion forte, adapter une installation ou s\u00e9curiser un d\u00e9placement,\u00a0 faciliter un retour au calme,\u00a0 soutenir la communication, ou la participation \u00e0 une activit\u00e9, une sortie <\/strong><b>\u2026 <\/b><\/p>\n<p><b>Pour les temps de vacances, les sorties ou le quotidien dans votre structure, nous vous proposons des sacs \u00e0 dos dont le contenu est sp\u00e9cialement pens\u00e9 pour r\u00e9pondre aux besoins des enfants que vous accueillez.<\/b><\/p><\/blockquote>\n<p>Le pr\u00eat est gratuit. Les outils sont pr\u00e9sent\u00e9s aux professionnels, aux enfants et leurs familles (objectifs, utilisation et manipulation).<\/p>\n<p>En voici quelques exemples:<!--more--><\/p>\n<p>Le Timer : pour visualiser le temps, anticiper les changements, faciliter la\u00a0concentration<\/p>\n<p><img loading=\"lazy\" decoding=\"async\" class=\"alignnone wp-image-2025\" src=\"https:\/\/poleressources12.fr\/wp-content\/uploads\/2023\/05\/time-timer-plus-300x300.jpg\" alt=\"\" width=\"169\" height=\"169\" srcset=\"https:\/\/poleressources12.fr\/wp-content\/uploads\/2023\/05\/time-timer-plus-300x300.jpg 300w, https:\/\/poleressources12.fr\/wp-content\/uploads\/2023\/05\/time-timer-plus-150x150.jpg 150w, https:\/\/poleressources12.fr\/wp-content\/uploads\/2023\/05\/time-timer-plus-768x768.jpg 768w, https:\/\/poleressources12.fr\/wp-content\/uploads\/2023\/05\/time-timer-plus-75x75.jpg 75w, https:\/\/poleressources12.fr\/wp-content\/uploads\/2023\/05\/time-timer-plus-600x600.jpg 600w, https:\/\/poleressources12.fr\/wp-content\/uploads\/2023\/05\/time-timer-plus-100x100.jpg 100w, https:\/\/poleressources12.fr\/wp-content\/uploads\/2023\/05\/time-timer-plus.jpg 800w\" sizes=\"auto, (max-width: 169px) 100vw, 169px\" \/><\/p>\n<p>Le casque anti-bruit: pour se replier quand l&rsquo;environnement est trop bruyant ou la charge sensorielle trop importante.<\/p>\n<p><img loading=\"lazy\" decoding=\"async\" class=\"alignnone wp-image-2026\" src=\"https:\/\/poleressources12.fr\/wp-content\/uploads\/2023\/05\/casque-anti-bruit-pour-enfant-300x300.jpg\" alt=\"\" width=\"156\" height=\"156\" srcset=\"https:\/\/poleressources12.fr\/wp-content\/uploads\/2023\/05\/casque-anti-bruit-pour-enfant-300x300.jpg 300w, https:\/\/poleressources12.fr\/wp-content\/uploads\/2023\/05\/casque-anti-bruit-pour-enfant-150x150.jpg 150w, https:\/\/poleressources12.fr\/wp-content\/uploads\/2023\/05\/casque-anti-bruit-pour-enfant-75x75.jpg 75w, https:\/\/poleressources12.fr\/wp-content\/uploads\/2023\/05\/casque-anti-bruit-pour-enfant-100x100.jpg 100w, https:\/\/poleressources12.fr\/wp-content\/uploads\/2023\/05\/casque-anti-bruit-pour-enfant.jpg 600w\" sizes=\"auto, (max-width: 156px) 100vw, 156px\" \/><\/p>\n<p>Les planning visuels et outils de communication: ils utilisent des images simples (pictogrammes) pour accompagner les enfants dans leur compr\u00e9hension de l&rsquo;organisation de la journ\u00e9e ou pour soutenir une demande, une consigne&#8230;<\/p>\n<p><img loading=\"lazy\" decoding=\"async\" class=\"alignnone wp-image-2027\" src=\"https:\/\/poleressources12.fr\/wp-content\/uploads\/2023\/05\/FR_prod_Mini-schedule-board_01-300x300.png\" alt=\"\" width=\"231\" height=\"231\" srcset=\"https:\/\/poleressources12.fr\/wp-content\/uploads\/2023\/05\/FR_prod_Mini-schedule-board_01-300x300.png 300w, https:\/\/poleressources12.fr\/wp-content\/uploads\/2023\/05\/FR_prod_Mini-schedule-board_01-150x150.png 150w, https:\/\/poleressources12.fr\/wp-content\/uploads\/2023\/05\/FR_prod_Mini-schedule-board_01-768x768.png 768w, https:\/\/poleressources12.fr\/wp-content\/uploads\/2023\/05\/FR_prod_Mini-schedule-board_01-75x75.png 75w, https:\/\/poleressources12.fr\/wp-content\/uploads\/2023\/05\/FR_prod_Mini-schedule-board_01-600x600.png 600w, https:\/\/poleressources12.fr\/wp-content\/uploads\/2023\/05\/FR_prod_Mini-schedule-board_01-100x100.png 100w, https:\/\/poleressources12.fr\/wp-content\/uploads\/2023\/05\/FR_prod_Mini-schedule-board_01.png 800w\" sizes=\"auto, (max-width: 231px) 100vw, 231px\" \/>[\/vc_column_text]\n\t\t\t\t\t\t\t<div class=\"clear\"><\/div>\n\t\t\t\t\t\t<\/div>\n\t\t\t\t\t<\/div>[\/vc_column][vc_column width=\u00a0\u00bb1\/4&Prime;][vc_column_text]\n<h3>Mobilier, mat\u00e9riel et ludoth\u00e8que<\/h3>\n<blockquote><p><strong>Des ressources mat\u00e9rielles pour faciliter l&rsquo;installation et l&rsquo;autonomie de l&rsquo;enfant. Des jeux d&rsquo;\u00e9veil, ludiques ou \u00e9ducatifs pour stimuler et favoriser la participation<\/strong><\/p><\/blockquote>\n<p>Sur proposition du PRAI lors de notre accompagnement ou sur demande de la structure d&rsquo;accueil, nous pouvons pr\u00eater du mat\u00e9riel r\u00e9pondant aux besoins du ou des enfants que vous accueillez.<\/p>\n<p>En voici quelques exemples (listes non exhaustives)<\/p>\n<p>Mobilier:<\/p>\n<ul>\n<li>Table d&rsquo;activit\u00e9, de dessin r\u00e9glable en hauteur avec r\u00e9glette de maintien du papier (rouleau fournit)<\/li>\n<li>Table d&rsquo;exp\u00e9rimentation ronde<\/li>\n<li>Chaise haute avec barre de maintien r\u00e9glable<\/li>\n<li>Repose pieds<\/li>\n<li>Hamac &#8230;<\/li>\n<\/ul>\n<p>Mat\u00e9riel et jeux:<\/p>\n<ul>\n<li>Assiette compartiment\u00e9e<\/li>\n<li>Easy Mat Set de table antid\u00e9rapant compartiment\u00e9<\/li>\n<li>Set cuill\u00e8re et fourchette ergonomique<\/li>\n<li>Manchons de pr\u00e9hension pour feutres et crayons<\/li>\n<li>Horloge synopte<\/li>\n<li>Ballon doux entrelac\u00e9<\/li>\n<li>Porte carte en bois<\/li>\n<li>Tapis et modules de motricit\u00e9<\/li>\n<li>Balles sensorielles<\/li>\n<li>Kit de massage<\/li>\n<li>Tipi color\u00e9 120x 90 x 60<\/li>\n<li>Jeu de soci\u00e9t\u00e9 Handi d\u00e9fi<\/li>\n<li>Jeu \u00e9ducatif colorformix<\/li>\n<li>Kit de jouets d&rsquo;\u00e9veil contrast\u00e9<\/li>\n<li>&#8230;<\/li>\n<\/ul>\n<p>Liste transmise sur demande \u00e0 poleressources12@famillesrurales.org<\/p>\n<p>N&rsquo;h\u00e9sitez pas \u00e0 demander conseil au 05 65 75 54 00[\/vc_column_text][\/vc_column][vc_column width=\u00a0\u00bb1\/4&Prime;][vc_column_text css_animation=\u00a0\u00bbnone\u00a0\u00bb]\n<h3>Les livrets d&rsquo;observation<\/h3>\n<blockquote><p><strong>L&rsquo;observation est une pratique professionnelle incontournable. Elle est un levier pour d\u00e9velopper l&rsquo;accueil pour tous les enfants quelques soient leurs diff\u00e9rences.<\/strong><\/p><\/blockquote>\n<p>Les livrets d&rsquo;observation ont pour objectif d&rsquo;accompagner les professionnels de la Petite Enfance ou de la Jeunesse dans la pratique d&rsquo;une observation adapt\u00e9e \u00e0 leurs besoins en lieu d&rsquo;accueil ordinaire.<\/p>\n<p>La d\u00e9marche d&rsquo;inclusion demande aux professionnels d&rsquo;adopter des attitudes, de se doter de techniques et d&rsquo;outils <strong>pour prendre en compte les besoins sp\u00e9cifiques des enfants et adapter ainsi ses r\u00e9ponses \u00e9ducatives, p\u00e9dagogiques, mat\u00e9rielles voir organisationnelles.<\/strong><\/p>\n<p>L&rsquo;observation, quand elle est r\u00e9fl\u00e9chie, pr\u00e9par\u00e9e et men\u00e9e en \u00e9quipe, permet aux professionnels de se <strong>d\u00e9centrer de leur accompagnement au quotidien et ainsi rend la vision plus objective sur leur fonctionnement et leur fa\u00e7on de prendre en compte l&rsquo;enfant dans son individualit\u00e9.<\/strong> Elle est un moyen d&rsquo;\u00e9change et de communication qui peut permettre:<\/p>\n<ul>\n<li>l&rsquo;\u00e9changes d&rsquo;informations avec les parents et les diff\u00e9rents professionnels gravitant autour de l&rsquo;enfant (rep\u00e9rage d&rsquo;\u00e9carts de d\u00e9veloppement, soins, comportements, quotidiens&#8230;)<\/li>\n<li>la r\u00e9flexion commune et partag\u00e9e, g\u00e9n\u00e9ratrice de liens<\/li>\n<\/ul>\n<p>Chaque livret se compose d&rsquo;un premier chapitre permettant de <strong>distinguer\u00a0 \u00ab\u00a0Vigilance\u00a0\u00bb et \u00ab\u00a0Attention\u00a0\u00bb<\/strong> et d&rsquo;aborder l&rsquo;observation spontan\u00e9e ou organis\u00e9e (projet). Il s&rsquo;int\u00e9resse dans un second chapitre \u00e0 relever <strong>les besoins et attentes<\/strong> des parents, des professionnels de l&rsquo;accueil et des partenaires de la famille afin d&rsquo;en comprendre les enjeux.\u00a0 Puis il propose de <strong>d\u00e9finir les objectifs de l&rsquo;observation pour \u00e9tablir ensuite le processus de r\u00e9alisation<\/strong> <em>(Qui observe? Qu&rsquo;observe-t-on?\u00a0 Quand ? Comment ? Avec quel(s) outils?)<\/em>. Il propose ainsi plusieurs exemples de <strong>grilles d&rsquo;observation pratiques et concrets<\/strong> et modifiables selon les situations.<\/p>\n<p>Une attention particuli\u00e8re est port\u00e9e dans une derni\u00e8re partie \u00e0 l&rsquo;<strong>analyse et \u00e0 la transmission<\/strong> des observations avec les points de vigilance quand au devoir de r\u00e9serve, de discr\u00e9tion et de secret professionnel.<\/p>\n<p style=\"text-align: left;\"><strong>T\u00e9l\u00e9charger les livrets d&rsquo;observation<\/strong><\/p>\n<p><em><a href=\"https:\/\/poleressources12.fr\/wp-content\/uploads\/2023\/06\/Livret-Observation-Enfance-Jeunesse-HD.pdf\"><img loading=\"lazy\" decoding=\"async\" class=\"alignnone wp-image-2072\" src=\"https:\/\/poleressources12.fr\/wp-content\/uploads\/2023\/06\/obs-EAJE-213x300.png\" alt=\"\" width=\"200\" height=\"281\" srcset=\"https:\/\/poleressources12.fr\/wp-content\/uploads\/2023\/06\/obs-EAJE-213x300.png 213w, https:\/\/poleressources12.fr\/wp-content\/uploads\/2023\/06\/obs-EAJE-600x843.png 600w, https:\/\/poleressources12.fr\/wp-content\/uploads\/2023\/06\/obs-EAJE.png 681w\" sizes=\"auto, (max-width: 200px) 100vw, 200px\" \/><img loading=\"lazy\" decoding=\"async\" class=\"alignnone wp-image-2073\" src=\"https:\/\/poleressources12.fr\/wp-content\/uploads\/2023\/06\/obs-alsh-212x300.png\" alt=\"\" width=\"200\" height=\"282\" srcset=\"https:\/\/poleressources12.fr\/wp-content\/uploads\/2023\/06\/obs-alsh-212x300.png 212w, https:\/\/poleressources12.fr\/wp-content\/uploads\/2023\/06\/obs-alsh.png 585w\" sizes=\"auto, (max-width: 200px) 100vw, 200px\" \/><\/a><\/em><\/p>\n<p><em><a href=\"https:\/\/poleressources12.fr\/wp-content\/uploads\/2023\/06\/Livret-Observation-Enfance-Jeunesse-HD.pdf\">Livret Observation Enfance Jeunesse HD<\/a><\/em><\/p>\n<p><em><a href=\"https:\/\/poleressources12.fr\/wp-content\/uploads\/2023\/06\/Livret-Observation-Petite-Enfance-HD.pdf\">Livret Observation Petite Enfance HD<\/a><\/em>[\/vc_column_text][\/vc_column][\/vc_row]\n","protected":false},"excerpt":{"rendered":"<p>[vc_row][vc_column width=\u00a0\u00bb1\/4&Prime;][vc_column_text] Les malles p\u00e9dagogiques Gr\u00e2ce \u00e0 des th\u00e9matiques universelles (telles que les \u00e9motions, la communication, l&rsquo;alimentation, les sens et les sensations, le d\u00e9veloppement moteur, la relaxation, la diversit\u00e9 \u2026), ces outils visent \u00e0 sensibiliser au vivre ensemble les professionnels comme les enfants. Ils permettent d\u2019\u00e9laborer une r\u00e9flexion, une pens\u00e9e [&hellip;]<\/p>\n","protected":false},"author":2,"featured_media":0,"parent":0,"menu_order":0,"comment_status":"closed","ping_status":"closed","template":"","meta":{"footnotes":""},"class_list":["post-1986","page","type-page","status-publish","hentry"],"_links":{"self":[{"href":"https:\/\/poleressources12.fr\/index.php\/wp-json\/wp\/v2\/pages\/1986","targetHints":{"allow":["GET"]}}],"collection":[{"href":"https:\/\/poleressources12.fr\/index.php\/wp-json\/wp\/v2\/pages"}],"about":[{"href":"https:\/\/poleressources12.fr\/index.php\/wp-json\/wp\/v2\/types\/page"}],"author":[{"embeddable":true,"href":"https:\/\/poleressources12.fr\/index.php\/wp-json\/wp\/v2\/users\/2"}],"replies":[{"embeddable":true,"href":"https:\/\/poleressources12.fr\/index.php\/wp-json\/wp\/v2\/comments?post=1986"}],"version-history":[{"count":16,"href":"https:\/\/poleressources12.fr\/index.php\/wp-json\/wp\/v2\/pages\/1986\/revisions"}],"predecessor-version":[{"id":2349,"href":"https:\/\/poleressources12.fr\/index.php\/wp-json\/wp\/v2\/pages\/1986\/revisions\/2349"}],"wp:attachment":[{"href":"https:\/\/poleressources12.fr\/index.php\/wp-json\/wp\/v2\/media?parent=1986"}],"curies":[{"name":"wp","href":"https:\/\/api.w.org\/{rel}","templated":true}]}}